{"id":5300,"date":"2023-03-20T09:19:18","date_gmt":"2023-03-20T09:19:18","guid":{"rendered":"https:\/\/afriwell.co\/?page_id=5300"},"modified":"2023-03-20T09:20:44","modified_gmt":"2023-03-20T09:20:44","slug":"doctors-tutorials-2","status":"publish","type":"page","link":"https:\/\/afriwell.co\/en\/doctors-tutorials-2\/","title":{"rendered":"Doctors Tutorials"},"content":{"rendered":"\t\t<div data-elementor-type=\"wp-page\" data-elementor-id=\"5300\" class=\"elementor elementor-5300\" data-elementor-post-type=\"page\">\n\t\t\t\t\t\t<section class=\"elementor-section elementor-top-section elementor-element elementor-element-7fdfd1f elementor-section-full_width elementor-section-height-default elementor-section-height-default\" data-id=\"7fdfd1f\" data-element_type=\"section\" data-settings=\"{&quot;background_background&quot;:&quot;classic&quot;}\">\n\t\t\t\t\t\t\t<div class=\"elementor-background-overlay\"><\/div>\n\t\t\t\t\t\t\t<div class=\"elementor-container elementor-column-gap-default\">\n\t\t\t\t\t<div class=\"elementor-column elementor-col-100 elementor-top-column elementor-element elementor-element-a58e311\" data-id=\"a58e311\" data-element_type=\"column\">\n\t\t\t<div class=\"elementor-widget-wrap elementor-element-populated\">\n\t\t\t\t\t\t<section class=\"elementor-section elementor-inner-section elementor-element elementor-element-1e362e1 elementor-section-boxed elementor-section-height-default elementor-section-height-default\" data-id=\"1e362e1\" data-element_type=\"section\">\n\t\t\t\t\t\t<div class=\"elementor-container elementor-column-gap-default\">\n\t\t\t\t\t<div class=\"elementor-column elementor-col-100 elementor-inner-column elementor-element elementor-element-23a3a01\" data-id=\"23a3a01\" data-element_type=\"column\">\n\t\t\t<div class=\"elementor-widget-wrap elementor-element-populated\">\n\t\t\t\t\t\t<div class=\"elementor-element elementor-element-1391c9a elementor-widget elementor-widget-heading\" data-id=\"1391c9a\" data-element_type=\"widget\" data-widget_type=\"heading.default\">\n\t\t\t\t<div class=\"elementor-widget-container\">\n\t\t\t\t\t<h3 class=\"elementor-heading-title elementor-size-default\"><br>Doctors Tutorials<br><br><\/h3>\t\t\t\t<\/div>\n\t\t\t\t<\/div>\n\t\t\t\t\t<\/div>\n\t\t<\/div>\n\t\t\t\t\t<\/div>\n\t\t<\/section>\n\t\t\t\t\t<\/div>\n\t\t<\/div>\n\t\t\t\t\t<\/div>\n\t\t<\/section>\n\t\t\t\t<section class=\"elementor-section elementor-top-section elementor-element elementor-element-0735675 elementor-section-boxed elementor-section-height-default elementor-section-height-default\" data-id=\"0735675\" data-element_type=\"section\">\n\t\t\t\t\t\t<div class=\"elementor-container elementor-column-gap-default\">\n\t\t\t\t\t<div class=\"elementor-column elementor-col-100 elementor-top-column elementor-element elementor-element-3545134\" data-id=\"3545134\" data-element_type=\"column\">\n\t\t\t<div class=\"elementor-widget-wrap elementor-element-populated\">\n\t\t\t\t\t\t<div class=\"elementor-element elementor-element-181a946 elementor-widget elementor-widget-spacer\" data-id=\"181a946\" data-element_type=\"widget\" data-widget_type=\"spacer.default\">\n\t\t\t\t<div class=\"elementor-widget-container\">\n\t\t\t\t\t\t\t<div class=\"elementor-spacer\">\n\t\t\t<div class=\"elementor-spacer-inner\"><\/div>\n\t\t<\/div>\n\t\t\t\t\t\t<\/div>\n\t\t\t\t<\/div>\n\t\t\t\t\t<\/div>\n\t\t<\/div>\n\t\t\t\t\t<\/div>\n\t\t<\/section>\n\t\t\t\t<section class=\"elementor-section elementor-top-section elementor-element elementor-element-c2df5cf elementor-section-boxed elementor-section-height-default elementor-section-height-default\" data-id=\"c2df5cf\" data-element_type=\"section\">\n\t\t\t\t\t\t<div class=\"elementor-container elementor-column-gap-default\">\n\t\t\t\t\t<div class=\"elementor-column elementor-col-100 elementor-top-column elementor-element elementor-element-84b16fe\" data-id=\"84b16fe\" data-element_type=\"column\">\n\t\t\t<div class=\"elementor-widget-wrap elementor-element-populated\">\n\t\t\t\t\t\t<div class=\"elementor-element elementor-element-3b3281c elementor-widget elementor-widget-text-editor\" data-id=\"3b3281c\" data-element_type=\"widget\" data-widget_type=\"text-editor.default\">\n\t\t\t\t<div class=\"elementor-widget-container\">\n\t\t\t\t\t\t\t\t\t<p>Utilisez plus facilement nos services gr\u00e2ce <span class=\"Y2IQFc\" lang=\"fr\">\u00e0 <\/span>nos tutoriels. Nous vous expliquons de A <span class=\"Y2IQFc\" lang=\"fr\">\u00e0<\/span> Z comment utiliser nos services. A vous de jouer!<\/p>\t\t\t\t\t\t\t\t<\/div>\n\t\t\t\t<\/div>\n\t\t\t\t\t<\/div>\n\t\t<\/div>\n\t\t\t\t\t<\/div>\n\t\t<\/section>\n\t\t\t\t<section class=\"elementor-section elementor-top-section elementor-element elementor-element-2047516 elementor-section-boxed elementor-section-height-default elementor-section-height-default\" data-id=\"2047516\" data-element_type=\"section\">\n\t\t\t\t\t\t<div class=\"elementor-container elementor-column-gap-default\">\n\t\t\t\t\t<div class=\"elementor-column elementor-col-50 elementor-top-column elementor-element elementor-element-d53574f\" data-id=\"d53574f\" data-element_type=\"column\">\n\t\t\t<div class=\"elementor-widget-wrap elementor-element-populated\">\n\t\t\t\t\t\t<div class=\"elementor-element elementor-element-42f1248 elementor-skin-carousel elementor-arrows-yes elementor-pagination-type-bullets elementor-pagination-position-outside elementor-widget elementor-widget-media-carousel\" data-id=\"42f1248\" data-element_type=\"widget\" data-settings=\"{&quot;slides_per_view&quot;:&quot;2&quot;,&quot;skin&quot;:&quot;carousel&quot;,&quot;effect&quot;:&quot;slide&quot;,&quot;show_arrows&quot;:&quot;yes&quot;,&quot;pagination&quot;:&quot;bullets&quot;,&quot;speed&quot;:500,&quot;autoplay&quot;:&quot;yes&quot;,&quot;autoplay_speed&quot;:5000,&quot;loop&quot;:&quot;yes&quot;,&quot;pause_on_hover&quot;:&quot;yes&quot;,&quot;pause_on_interaction&quot;:&quot;yes&quot;,&quot;space_between&quot;:{&quot;unit&quot;:&quot;px&quot;,&quot;size&quot;:10,&quot;sizes&quot;:[]},&quot;space_between_tablet&quot;:{&quot;unit&quot;:&quot;px&quot;,&quot;size&quot;:10,&quot;sizes&quot;:[]},&quot;space_between_mobile&quot;:{&quot;unit&quot;:&quot;px&quot;,&quot;size&quot;:10,&quot;sizes&quot;:[]}}\" data-widget_type=\"media-carousel.default\">\n\t\t\t\t<div class=\"elementor-widget-container\">\n\t\t\t\t\t\t\t\t\t<div class=\"elementor-swiper\">\n\t\t\t\t\t<div class=\"elementor-main-swiper swiper\" role=\"region\" aria-roledescription=\"carousel\" aria-label=\"Slides\">\n\t\t\t\t<div class=\"swiper-wrapper\">\n\t\t\t\t\t\t\t\t\t\t\t<div class=\"swiper-slide\" role=\"group\" aria-roledescription=\"slide\">\n\t\t\t\t\t\t\t<a href=\"http:\/\/afriwell.co\/wp-content\/uploads\/2023\/01\/maxresdefault.webp\" data-elementor-open-lightbox=\"yes\" data-elementor-lightbox-slideshow=\"42f1248\" data-elementor-lightbox-title=\"maxresdefault\" data-e-action-hash=\"#elementor-action%3Aaction%3Dlightbox%26settings%3DeyJpZCI6NDk2MiwidXJsIjoiaHR0cHM6XC9cL2Fmcml3ZWxsLmNvXC93cC1jb250ZW50XC91cGxvYWRzXC8yMDIzXC8wMVwvbWF4cmVzZGVmYXVsdC53ZWJwIiwic2xpZGVzaG93IjoiNDJmMTI0OCJ9\" data-elementor-lightbox-video=\"https:\/\/www.youtube.com\/embed\/n6U4AOzUp_A?feature=oembed&amp;autoplay=1&amp;rel=0&amp;controls=0\">\t\t<div class=\"elementor-carousel-image\" role=\"img\" aria-label=\"maxresdefault\" style=\"background-image: url(&#039;https:\/\/afriwell.co\/wp-content\/uploads\/2023\/01\/maxresdefault.webp&#039;)\">\n\n\t\t\t\n\t\t\t\t\t\t\t<div class=\"elementor-custom-embed-play\">\n\t\t\t\t\t<i aria-hidden=\"true\" class=\"eicon-play\"><\/i>\t\t\t\t\t<span class=\"elementor-screen-only\">Play<\/span>\n\t\t\t\t<\/div>\n\t\t\t\t\t<\/div>\n\t\t<\/a>\t\t\t\t\t\t<\/div>\n\t\t\t\t\t\t\t\t\t<\/div>\n\t\t\t\t\t\t\t<\/div>\n\t\t\t\t<\/div>\n\t\t\t\t\t\t\t\t<\/div>\n\t\t\t\t<\/div>\n\t\t\t\t\t<\/div>\n\t\t<\/div>\n\t\t\t\t<div class=\"elementor-column elementor-col-50 elementor-top-column elementor-element elementor-element-6f1bd0e\" data-id=\"6f1bd0e\" data-element_type=\"column\">\n\t\t\t<div class=\"elementor-widget-wrap\">\n\t\t\t\t\t\t\t<\/div>\n\t\t<\/div>\n\t\t\t\t\t<\/div>\n\t\t<\/section>\n\t\t\t\t<section class=\"elementor-section elementor-top-section elementor-element elementor-element-bc702fa elementor-section-boxed elementor-section-height-default elementor-section-height-default\" data-id=\"bc702fa\" data-element_type=\"section\">\n\t\t\t\t\t\t<div class=\"elementor-container elementor-column-gap-default\">\n\t\t\t\t\t<div class=\"elementor-column elementor-col-100 elementor-top-column elementor-element elementor-element-943ac92\" data-id=\"943ac92\" data-element_type=\"column\">\n\t\t\t<div class=\"elementor-widget-wrap elementor-element-populated\">\n\t\t\t\t\t\t<div class=\"elementor-element elementor-element-af65262 elementor-widget elementor-widget-spacer\" data-id=\"af65262\" data-element_type=\"widget\" data-widget_type=\"spacer.default\">\n\t\t\t\t<div class=\"elementor-widget-container\">\n\t\t\t\t\t\t\t<div class=\"elementor-spacer\">\n\t\t\t<div class=\"elementor-spacer-inner\"><\/div>\n\t\t<\/div>\n\t\t\t\t\t\t<\/div>\n\t\t\t\t<\/div>\n\t\t\t\t\t<\/div>\n\t\t<\/div>\n\t\t\t\t\t<\/div>\n\t\t<\/section>\n\t\t\t\t<section class=\"elementor-section elementor-top-section elementor-element elementor-element-3a44856 elementor-section-boxed elementor-section-height-default elementor-section-height-default\" data-id=\"3a44856\" data-element_type=\"section\">\n\t\t\t\t\t\t<div class=\"elementor-container elementor-column-gap-default\">\n\t\t\t\t\t<div class=\"elementor-column elementor-col-100 elementor-top-column elementor-element elementor-element-9740f3a\" data-id=\"9740f3a\" data-element_type=\"column\">\n\t\t\t<div class=\"elementor-widget-wrap elementor-element-populated\">\n\t\t\t\t\t\t<div class=\"elementor-element elementor-element-98560fe elementor-widget elementor-widget-spacer\" data-id=\"98560fe\" data-element_type=\"widget\" data-widget_type=\"spacer.default\">\n\t\t\t\t<div class=\"elementor-widget-container\">\n\t\t\t\t\t\t\t<div class=\"elementor-spacer\">\n\t\t\t<div class=\"elementor-spacer-inner\"><\/div>\n\t\t<\/div>\n\t\t\t\t\t\t<\/div>\n\t\t\t\t<\/div>\n\t\t\t\t\t<\/div>\n\t\t<\/div>\n\t\t\t\t\t<\/div>\n\t\t<\/section>\n\t\t\t\t<\/div>\n\t\t","protected":false},"excerpt":{"rendered":"<p>Doctors Tutorials Utilisez plus facilement nos services gr\u00e2ce \u00e0 nos tutoriels. Nous vous expliquons de A \u00e0 Z comment utiliser nos services. A vous de jouer! Play<\/p>\n","protected":false},"author":2,"featured_media":0,"parent":0,"menu_order":0,"comment_status":"closed","ping_status":"closed","template":"","meta":{"footnotes":""},"class_list":["post-5300","page","type-page","status-publish","hentry"],"yoast_head":"<!-- This site is optimized with the Yoast SEO plugin v19.2 - https:\/\/yoast.com\/wordpress\/plugins\/seo\/ -->\n<title>Doctors Tutorials - Afriwell<\/title>\n<meta name=\"robots\" content=\"index, follow, max-snippet:-1, max-image-preview:large, max-video-preview:-1\" \/>\n<link rel=\"canonical\" href=\"https:\/\/afriwell.co\/en\/doctors-tutorials-2\/\" \/>\n<meta property=\"og:locale\" content=\"en_US\" \/>\n<meta property=\"og:type\" content=\"article\" \/>\n<meta property=\"og:title\" content=\"Doctors Tutorials - Afriwell\" \/>\n<meta property=\"og:description\" content=\"Doctors Tutorials Utilisez plus facilement nos services gr\u00e2ce \u00e0 nos tutoriels. Nous vous expliquons de A \u00e0 Z comment utiliser nos services. A vous de jouer! Play\" \/>\n<meta property=\"og:url\" content=\"https:\/\/afriwell.co\/en\/doctors-tutorials-2\/\" \/>\n<meta property=\"og:site_name\" content=\"Afriwell\" \/>\n<meta property=\"article:publisher\" content=\"https:\/\/www.facebook.com\/afriwellhealth\" \/>\n<meta property=\"article:modified_time\" content=\"2023-03-20T09:20:44+00:00\" \/>\n<meta name=\"author\" content=\"joelleitoua\" \/>\n<meta name=\"twitter:card\" content=\"summary_large_image\" \/>\n<meta name=\"twitter:label1\" content=\"Est. reading time\" \/>\n\t<meta name=\"twitter:data1\" content=\"1 minute\" \/>\n<script type=\"application\/ld+json\" class=\"yoast-schema-graph\">{\"@context\":\"https:\/\/schema.org\",\"@graph\":[{\"@type\":\"Organization\",\"@id\":\"https:\/\/afriwell.co\/#organization\",\"name\":\"AfriWell Health\",\"url\":\"https:\/\/afriwell.co\/\",\"sameAs\":[\"https:\/\/www.linkedin.com\/in\/afriwell-health-85a256253\/\",\"https:\/\/www.instagram.com\/afriwellhealth\/\",\"https:\/\/www.facebook.com\/afriwellhealth\"],\"logo\":{\"@type\":\"ImageObject\",\"inLanguage\":\"en-US\",\"@id\":\"https:\/\/afriwell.co\/#\/schema\/logo\/image\/\",\"url\":\"https:\/\/afriwell.co\/wp-content\/uploads\/2023\/07\/afriwell-new-3.png\",\"contentUrl\":\"https:\/\/afriwell.co\/wp-content\/uploads\/2023\/07\/afriwell-new-3.png\",\"width\":1800,\"height\":800,\"caption\":\"AfriWell Health\"},\"image\":{\"@id\":\"https:\/\/afriwell.co\/#\/schema\/logo\/image\/\"}},{\"@type\":\"WebSite\",\"@id\":\"https:\/\/afriwell.co\/#website\",\"url\":\"https:\/\/afriwell.co\/\",\"name\":\"Afriwell\",\"description\":\"\",\"publisher\":{\"@id\":\"https:\/\/afriwell.co\/#organization\"},\"potentialAction\":[{\"@type\":\"SearchAction\",\"target\":{\"@type\":\"EntryPoint\",\"urlTemplate\":\"https:\/\/afriwell.co\/?s={search_term_string}\"},\"query-input\":\"required name=search_term_string\"}],\"inLanguage\":\"en-US\"},{\"@type\":\"WebPage\",\"@id\":\"https:\/\/afriwell.co\/en\/doctors-tutorials-2\/#webpage\",\"url\":\"https:\/\/afriwell.co\/en\/doctors-tutorials-2\/\",\"name\":\"Doctors Tutorials - Afriwell\",\"isPartOf\":{\"@id\":\"https:\/\/afriwell.co\/#website\"},\"datePublished\":\"2023-03-20T09:19:18+00:00\",\"dateModified\":\"2023-03-20T09:20:44+00:00\",\"breadcrumb\":{\"@id\":\"https:\/\/afriwell.co\/en\/doctors-tutorials-2\/#breadcrumb\"},\"inLanguage\":\"en-US\",\"potentialAction\":[{\"@type\":\"ReadAction\",\"target\":[\"https:\/\/afriwell.co\/en\/doctors-tutorials-2\/\"]}]},{\"@type\":\"BreadcrumbList\",\"@id\":\"https:\/\/afriwell.co\/en\/doctors-tutorials-2\/#breadcrumb\",\"itemListElement\":[{\"@type\":\"ListItem\",\"position\":1,\"name\":\"Home\",\"item\":\"https:\/\/afriwell.co\/en\/\"},{\"@type\":\"ListItem\",\"position\":2,\"name\":\"Doctors Tutorials\"}]}]}<\/script>\n<!-- \/ Yoast SEO plugin. -->","yoast_head_json":{"title":"Doctors Tutorials - Afriwell","robots":{"index":"index","follow":"follow","max-snippet":"max-snippet:-1","max-image-preview":"max-image-preview:large","max-video-preview":"max-video-preview:-1"},"canonical":"https:\/\/afriwell.co\/en\/doctors-tutorials-2\/","og_locale":"en_US","og_type":"article","og_title":"Doctors Tutorials - Afriwell","og_description":"Doctors Tutorials Utilisez plus facilement nos services gr\u00e2ce \u00e0 nos tutoriels. Nous vous expliquons de A \u00e0 Z comment utiliser nos services. A vous de jouer! Play","og_url":"https:\/\/afriwell.co\/en\/doctors-tutorials-2\/","og_site_name":"Afriwell","article_publisher":"https:\/\/www.facebook.com\/afriwellhealth","article_modified_time":"2023-03-20T09:20:44+00:00","author":"joelleitoua","twitter_card":"summary_large_image","twitter_misc":{"Est. reading time":"1 minute"},"schema":{"@context":"https:\/\/schema.org","@graph":[{"@type":"Organization","@id":"https:\/\/afriwell.co\/#organization","name":"AfriWell Health","url":"https:\/\/afriwell.co\/","sameAs":["https:\/\/www.linkedin.com\/in\/afriwell-health-85a256253\/","https:\/\/www.instagram.com\/afriwellhealth\/","https:\/\/www.facebook.com\/afriwellhealth"],"logo":{"@type":"ImageObject","inLanguage":"en-US","@id":"https:\/\/afriwell.co\/#\/schema\/logo\/image\/","url":"https:\/\/afriwell.co\/wp-content\/uploads\/2023\/07\/afriwell-new-3.png","contentUrl":"https:\/\/afriwell.co\/wp-content\/uploads\/2023\/07\/afriwell-new-3.png","width":1800,"height":800,"caption":"AfriWell Health"},"image":{"@id":"https:\/\/afriwell.co\/#\/schema\/logo\/image\/"}},{"@type":"WebSite","@id":"https:\/\/afriwell.co\/#website","url":"https:\/\/afriwell.co\/","name":"Afriwell","description":"","publisher":{"@id":"https:\/\/afriwell.co\/#organization"},"potentialAction":[{"@type":"SearchAction","target":{"@type":"EntryPoint","urlTemplate":"https:\/\/afriwell.co\/?s={search_term_string}"},"query-input":"required name=search_term_string"}],"inLanguage":"en-US"},{"@type":"WebPage","@id":"https:\/\/afriwell.co\/en\/doctors-tutorials-2\/#webpage","url":"https:\/\/afriwell.co\/en\/doctors-tutorials-2\/","name":"Doctors Tutorials - Afriwell","isPartOf":{"@id":"https:\/\/afriwell.co\/#website"},"datePublished":"2023-03-20T09:19:18+00:00","dateModified":"2023-03-20T09:20:44+00:00","breadcrumb":{"@id":"https:\/\/afriwell.co\/en\/doctors-tutorials-2\/#breadcrumb"},"inLanguage":"en-US","potentialAction":[{"@type":"ReadAction","target":["https:\/\/afriwell.co\/en\/doctors-tutorials-2\/"]}]},{"@type":"BreadcrumbList","@id":"https:\/\/afriwell.co\/en\/doctors-tutorials-2\/#breadcrumb","itemListElement":[{"@type":"ListItem","position":1,"name":"Home","item":"https:\/\/afriwell.co\/en\/"},{"@type":"ListItem","position":2,"name":"Doctors Tutorials"}]}]}},"_links":{"self":[{"href":"https:\/\/afriwell.co\/en\/wp-json\/wp\/v2\/pages\/5300","targetHints":{"allow":["GET"]}}],"collection":[{"href":"https:\/\/afriwell.co\/en\/wp-json\/wp\/v2\/pages"}],"about":[{"href":"https:\/\/afriwell.co\/en\/wp-json\/wp\/v2\/types\/page"}],"author":[{"embeddable":true,"href":"https:\/\/afriwell.co\/en\/wp-json\/wp\/v2\/users\/2"}],"replies":[{"embeddable":true,"href":"https:\/\/afriwell.co\/en\/wp-json\/wp\/v2\/comments?post=5300"}],"version-history":[{"count":7,"href":"https:\/\/afriwell.co\/en\/wp-json\/wp\/v2\/pages\/5300\/revisions"}],"predecessor-version":[{"id":5307,"href":"https:\/\/afriwell.co\/en\/wp-json\/wp\/v2\/pages\/5300\/revisions\/5307"}],"wp:attachment":[{"href":"https:\/\/afriwell.co\/en\/wp-json\/wp\/v2\/media?parent=5300"}],"curies":[{"name":"wp","href":"https:\/\/api.w.org\/{rel}","templated":true}]}}